{"id":134,"date":"2025-07-10T14:14:35","date_gmt":"2025-07-10T12:14:35","guid":{"rendered":"https:\/\/pwborowczyk.pl\/?page_id=134"},"modified":"2025-07-10T14:17:00","modified_gmt":"2025-07-10T12:17:00","slug":"przetwarzanie-odpadow-2-2","status":"publish","type":"page","link":"https:\/\/pwborowczyk.pl\/?page_id=134","title":{"rendered":""},"content":{"rendered":"\n<blockquote class=\"wp-block-quote is-style-plain is-layout-flow wp-block-quote-is-layout-flow\"><\/blockquote>\n\n\n\n<h3 class=\"wp-block-heading has-pale-cyan-blue-background-color has-background\"><strong>Kompleksowe us\u0142ugi d\u017awigowe, budowlane i ziemne \u2013 wynajem d\u017awigu z operatorem, rozbi\u00f3rki, roboty ziemne<\/strong><\/h3>\n\n\n\n<p class=\"has-white-background-color has-background\">Wybieraj\u0105c us\u0142ugi naszej firmy, zyskuj\u0105 Pa\u0144stwo pewno\u015b\u0107 rzetelnie, profesjonalnie i terminowo wykonanego zlecenia. Oferujemy szeroki zakres us\u0142ug w zakresie wynajmu d\u017awig\u00f3w z obs\u0142ug\u0105 operatorsk\u0105, rob\u00f3t ziemnych i instalacyjnych, budownictwa drogowego, prac rozbi\u00f3rkowych, a tak\u017ce zimowego utrzymania dr\u00f3g i us\u0142ug porz\u0105dkowych.<br><br>Dysponujemy nowoczesnym sprz\u0119tem \u2013 m.in. d\u017awigiem samojezdnym LIEBHERR LTM 1040\/1 o ud\u017awigu 40 ton, z maksymalnym dopuszczalnym naciskiem osi 235,20 kN. D\u017awig obs\u0142ugiwany jest przez do\u015bwiadczonego operatora z wymaganymi uprawnieniami, co gwarantuje bezpiecze\u0144stwo i wysok\u0105 jako\u015b\u0107 realizowanych prac.<br><br>Nasza oferta obejmuje m.in.:<\/p>\n\n\n\n<ul class=\"wp-block-list has-white-background-color has-background\">\n<li>Wynajem d\u017awigu z operatorem \u2013 szybka dost\u0119pno\u015b\u0107, niezawodny sprz\u0119t i profesjonalna obs\u0142uga,<\/li>\n\n\n\n<li>Roboty ziemne i instalacyjne \u2013 wykopy, niwelacje terenu, monta\u017c instalacji,<\/li>\n\n\n\n<li>Budownictwo drogowe \u2013 przygotowanie pod\u0142o\u017ca, utwardzenia, budowa i naprawa dr\u00f3g,<\/li>\n\n\n\n<li>Rozbi\u00f3rki budynk\u00f3w, plac\u00f3w i nawierzchni \u2013 bezpieczne i sprawne wyburzenia,<\/li>\n\n\n\n<li>Us\u0142ugi porz\u0105dkowe \u2013 oczyszczanie plac\u00f3w, teren\u00f3w inwestycyjnych i pobudowlanych,<\/li>\n\n\n\n<li>Zimowe utrzymanie dr\u00f3g \u2013 od\u015bnie\u017canie, posypywanie, zwalczanie go\u0142oledzi.<\/li>\n<\/ul>\n\n\n\n<p class=\"has-white-background-color has-background\">Oferujemy konkurencyjne ceny, uzale\u017cnione od czasu trwania zlecenia oraz warunk\u00f3w pracy. Sta\u0142ym klientom zapewniamy atrakcyjne rabaty i elastyczne warunki wsp\u00f3\u0142pracy. Nasz zesp\u00f3\u0142 to wykwalifikowani pracownicy z aktualnymi uprawnieniami i badaniami, co przek\u0142ada si\u0119 na bezpiecze\u0144stwo i wysok\u0105 jako\u015b\u0107 realizacji zlece\u0144.<\/p>\n\n\n\n<p class=\"has-white-background-color has-background\"><strong>Szukasz solidnego partnera do prac d\u017awigowych, ziemnych lub drogowych? Skontaktuj si\u0119 z nami \u2013 dzia\u0142amy sprawnie, terminowo i z pe\u0142nym zaanga\u017cowaniem.<\/strong><\/p>\n\n\n\n<div class=\"wp-block-columns is-layout-flex wp-container-core-columns-is-layout-9d6595d7 wp-block-columns-is-layout-flex\">\n<div class=\"wp-block-column is-layout-flow wp-block-column-is-layout-flow\">\n<figure class=\"wp-block-image size-full\"><img loading=\"lazy\" decoding=\"async\" width=\"513\" height=\"453\" src=\"https:\/\/pwborowczyk.pl\/wp-content\/uploads\/2025\/07\/blog-roboty_drogowe.png\" alt=\"\" class=\"wp-image-135\" srcset=\"https:\/\/pwborowczyk.pl\/wp-content\/uploads\/2025\/07\/blog-roboty_drogowe.png 513w, https:\/\/pwborowczyk.pl\/wp-content\/uploads\/2025\/07\/blog-roboty_drogowe-300x265.png 300w\" sizes=\"auto, (max-width: 513px) 100vw, 513px\" \/><\/figure>\n<\/div>\n\n\n\n<div class=\"wp-block-column is-layout-flow wp-block-column-is-layout-flow\">\n<figure class=\"wp-block-image size-large\"><img loading=\"lazy\" decoding=\"async\" width=\"1024\" height=\"1024\" src=\"https:\/\/pwborowczyk.pl\/wp-content\/uploads\/2025\/07\/dzwig-1024x1024.jpg\" alt=\"\" class=\"wp-image-136\" srcset=\"https:\/\/pwborowczyk.pl\/wp-content\/uploads\/2025\/07\/dzwig-1024x1024.jpg 1024w, https:\/\/pwborowczyk.pl\/wp-content\/uploads\/2025\/07\/dzwig-300x300.jpg 300w, https:\/\/pwborowczyk.pl\/wp-content\/uploads\/2025\/07\/dzwig-150x150.jpg 150w, https:\/\/pwborowczyk.pl\/wp-content\/uploads\/2025\/07\/dzwig-768x768.jpg 768w, https:\/\/pwborowczyk.pl\/wp-content\/uploads\/2025\/07\/dzwig-1536x1536.jpg 1536w, https:\/\/pwborowczyk.pl\/wp-content\/uploads\/2025\/07\/dzwig-2048x2048.jpg 2048w\" sizes=\"auto, (max-width: 1024px) 100vw, 1024px\" \/><\/figure>\n<\/div>\n\n\n\n<div class=\"wp-block-column is-layout-flow wp-block-column-is-layout-flow\">\n<figure class=\"wp-block-image size-full\"><img loading=\"lazy\" decoding=\"async\" width=\"744\" height=\"544\" src=\"https:\/\/pwborowczyk.pl\/wp-content\/uploads\/2025\/07\/b39239f33274b4eafe6f415baf075104.jpg\" alt=\"\" class=\"wp-image-137\" srcset=\"https:\/\/pwborowczyk.pl\/wp-content\/uploads\/2025\/07\/b39239f33274b4eafe6f415baf075104.jpg 744w, https:\/\/pwborowczyk.pl\/wp-content\/uploads\/2025\/07\/b39239f33274b4eafe6f415baf075104-300x219.jpg 300w\" sizes=\"auto, (max-width: 744px) 100vw, 744px\" \/><\/figure>\n<\/div>\n<\/div>\n\n\n\n<p><\/p>\n","protected":false},"excerpt":{"rendered":"<p>Kompleksowe us\u0142ugi d\u017awigowe, budowlane i ziemne \u2013 wynajem d\u017awigu z operatorem, rozbi\u00f3rki, roboty ziemne Wybieraj\u0105c us\u0142ugi naszej firmy, zyskuj\u0105 Pa\u0144stwo pewno\u015b\u0107 rzetelnie, profesjonalnie i terminowo wykonanego zlecenia. Oferujemy szeroki zakres us\u0142ug w zakresie wynajmu d\u017awig\u00f3w z obs\u0142ug\u0105 operatorsk\u0105, rob\u00f3t ziemnych i instalacyjnych, budownictwa drogowego, prac rozbi\u00f3rkowych, a tak\u017ce zimowego utrzymania dr\u00f3g i us\u0142ug porz\u0105dkowych. Dysponujemy [&hellip;]<\/p>\n","protected":false},"author":1,"featured_media":0,"parent":2,"menu_order":0,"comment_status":"closed","ping_status":"closed","template":"full-width.php","meta":{"footnotes":""},"class_list":["post-134","page","type-page","status-publish","hentry"],"_links":{"self":[{"href":"https:\/\/pwborowczyk.pl\/index.php?rest_route=\/wp\/v2\/pages\/134","targetHints":{"allow":["GET"]}}],"collection":[{"href":"https:\/\/pwborowczyk.pl\/index.php?rest_route=\/wp\/v2\/pages"}],"about":[{"href":"https:\/\/pwborowczyk.pl\/index.php?rest_route=\/wp\/v2\/types\/page"}],"author":[{"embeddable":true,"href":"https:\/\/pwborowczyk.pl\/index.php?rest_route=\/wp\/v2\/users\/1"}],"replies":[{"embeddable":true,"href":"https:\/\/pwborowczyk.pl\/index.php?rest_route=%2Fwp%2Fv2%2Fcomments&post=134"}],"version-history":[{"count":4,"href":"https:\/\/pwborowczyk.pl\/index.php?rest_route=\/wp\/v2\/pages\/134\/revisions"}],"predecessor-version":[{"id":142,"href":"https:\/\/pwborowczyk.pl\/index.php?rest_route=\/wp\/v2\/pages\/134\/revisions\/142"}],"up":[{"embeddable":true,"href":"https:\/\/pwborowczyk.pl\/index.php?rest_route=\/wp\/v2\/pages\/2"}],"wp:attachment":[{"href":"https:\/\/pwborowczyk.pl\/index.php?rest_route=%2Fwp%2Fv2%2Fmedia&parent=134"}],"curies":[{"name":"wp","href":"https:\/\/api.w.org\/{rel}","templated":true}]}}