{"id":144,"date":"2025-07-10T14:19:24","date_gmt":"2025-07-10T12:19:24","guid":{"rendered":"https:\/\/pwborowczyk.pl\/?page_id=144"},"modified":"2025-07-10T14:27:43","modified_gmt":"2025-07-10T12:27:43","slug":"przetwarzanie-odpadow-2-2-2","status":"publish","type":"page","link":"https:\/\/pwborowczyk.pl\/?page_id=144","title":{"rendered":""},"content":{"rendered":"\n<p><\/p>\n\n\n\n<blockquote class=\"wp-block-quote is-style-plain is-layout-flow wp-block-quote-is-layout-flow\">\n<p><\/p>\n<\/blockquote>\n\n\n\n<h5 class=\"wp-block-heading has-text-align-center has-pale-cyan-blue-background-color has-background\"><strong>Przedsi\u0119biorstwo Wielobran\u017cowe<br>BOROWCZYK Joanna Borowczyk<\/strong><br>realizuje projekt dofinansowany z Funduszy Europejskich<br>w ramach dzia\u0142ania 3.4 Dotacje na kapita\u0142 obrotowy<br>Programu Operacyjnego Inteligentny Rozw\u00f3j 2014-2020<\/h5>\n\n\n\n<p class=\"has-text-align-center has-white-background-color has-background\">Efektem projektu jest poprawa p\u0142ynno\u015bci przedsi\u0119biorstwa w okresie pandemii.<br>Warto\u015b\u0107 projektu: <strong>206 660,16 z\u0142<\/strong><br>Wk\u0142ad Funduszy Europejskich: <strong>206 660,16 z\u0142.<\/strong><\/p>\n\n\n<div class=\"wp-block-image\">\n<figure class=\"aligncenter size-large\"><img loading=\"lazy\" decoding=\"async\" width=\"1024\" height=\"141\" src=\"https:\/\/pwborowczyk.pl\/wp-content\/uploads\/2025\/07\/FE_POIR_poziom_pl-1_rgb-1024x141.png\" alt=\"\" class=\"wp-image-17\" srcset=\"https:\/\/pwborowczyk.pl\/wp-content\/uploads\/2025\/07\/FE_POIR_poziom_pl-1_rgb-1024x141.png 1024w, https:\/\/pwborowczyk.pl\/wp-content\/uploads\/2025\/07\/FE_POIR_poziom_pl-1_rgb-300x41.png 300w, https:\/\/pwborowczyk.pl\/wp-content\/uploads\/2025\/07\/FE_POIR_poziom_pl-1_rgb-768x106.png 768w, https:\/\/pwborowczyk.pl\/wp-content\/uploads\/2025\/07\/FE_POIR_poziom_pl-1_rgb-1536x211.png 1536w, https:\/\/pwborowczyk.pl\/wp-content\/uploads\/2025\/07\/FE_POIR_poziom_pl-1_rgb-2048x282.png 2048w\" sizes=\"auto, (max-width: 1024px) 100vw, 1024px\" \/><\/figure>\n<\/div>","protected":false},"excerpt":{"rendered":"<p>Przedsi\u0119biorstwo Wielobran\u017coweBOROWCZYK Joanna Borowczykrealizuje projekt dofinansowany z Funduszy Europejskichw ramach dzia\u0142ania 3.4 Dotacje na kapita\u0142 obrotowyProgramu Operacyjnego Inteligentny Rozw\u00f3j 2014-2020 Efektem projektu jest poprawa p\u0142ynno\u015bci przedsi\u0119biorstwa w okresie pandemii.Warto\u015b\u0107 projektu: 206 660,16 z\u0142Wk\u0142ad Funduszy Europejskich: 206 660,16 z\u0142.<\/p>\n","protected":false},"author":1,"featured_media":0,"parent":2,"menu_order":0,"comment_status":"closed","ping_status":"closed","template":"full-width.php","meta":{"footnotes":""},"class_list":["post-144","page","type-page","status-publish","hentry"],"_links":{"self":[{"href":"https:\/\/pwborowczyk.pl\/index.php?rest_route=\/wp\/v2\/pages\/144","targetHints":{"allow":["GET"]}}],"collection":[{"href":"https:\/\/pwborowczyk.pl\/index.php?rest_route=\/wp\/v2\/pages"}],"about":[{"href":"https:\/\/pwborowczyk.pl\/index.php?rest_route=\/wp\/v2\/types\/page"}],"author":[{"embeddable":true,"href":"https:\/\/pwborowczyk.pl\/index.php?rest_route=\/wp\/v2\/users\/1"}],"replies":[{"embeddable":true,"href":"https:\/\/pwborowczyk.pl\/index.php?rest_route=%2Fwp%2Fv2%2Fcomments&post=144"}],"version-history":[{"count":5,"href":"https:\/\/pwborowczyk.pl\/index.php?rest_route=\/wp\/v2\/pages\/144\/revisions"}],"predecessor-version":[{"id":155,"href":"https:\/\/pwborowczyk.pl\/index.php?rest_route=\/wp\/v2\/pages\/144\/revisions\/155"}],"up":[{"embeddable":true,"href":"https:\/\/pwborowczyk.pl\/index.php?rest_route=\/wp\/v2\/pages\/2"}],"wp:attachment":[{"href":"https:\/\/pwborowczyk.pl\/index.php?rest_route=%2Fwp%2Fv2%2Fmedia&parent=144"}],"curies":[{"name":"wp","href":"https:\/\/api.w.org\/{rel}","templated":true}]}}