{"id":2,"date":"2025-07-08T11:57:08","date_gmt":"2025-07-08T09:57:08","guid":{"rendered":"https:\/\/pwborowczyk.pl\/?page_id=2"},"modified":"2025-07-10T13:00:42","modified_gmt":"2025-07-10T11:00:42","slug":"przykladowa-strona","status":"publish","type":"page","link":"https:\/\/pwborowczyk.pl\/","title":{"rendered":"O nas"},"content":{"rendered":"\n<p class=\"has-white-background-color has-background\">Jeste\u015bmy prywatnym przedsi\u0119biorstwem dzia\u0142aj\u0105cym na polskim rynku nieprzerwanie od 1996 roku. Dysponujemy zapleczem technicznym, kt\u00f3rego obiekty, maszyny, urz\u0105dzenia oraz pojazdy stanowi\u0105 nasz\u0105 wy\u0142\u0105czn\u0105 w\u0142asno\u015b\u0107.<br><br>Pocz\u0105tkowo \u015bwiadczyli\u015bmy us\u0142ugi transportowe w zakresie przewozu os\u00f3b i towar\u00f3w. Wychodz\u0105c na przeciw rosn\u0105cym potrzebom rynku rozszerzyli\u015bmy zakres dzia\u0142alno\u015bci o prace wykonawcze w sektorze budowlanym, obr\u00f3t paliwami p\u0142ynnymi a tak\u017ce przetwarzanie odpad\u00f3w.<br><\/p>\n\n\n\n<p class=\"has-white-background-color has-background\"><strong>ZAPRASZAMY DO ZAPOZNANIA SI\u0118 Z NASZ\u0104 OFERT\u0104!<\/strong><\/p>\n\n\n\n<figure class=\"wp-block-image size-large\"><img loading=\"lazy\" decoding=\"async\" width=\"1024\" height=\"141\" src=\"https:\/\/pwborowczyk.pl\/wp-content\/uploads\/2025\/07\/FE_POIR_poziom_pl-1_rgb-1024x141.png\" alt=\"\" class=\"wp-image-17\" srcset=\"https:\/\/pwborowczyk.pl\/wp-content\/uploads\/2025\/07\/FE_POIR_poziom_pl-1_rgb-1024x141.png 1024w, https:\/\/pwborowczyk.pl\/wp-content\/uploads\/2025\/07\/FE_POIR_poziom_pl-1_rgb-300x41.png 300w, https:\/\/pwborowczyk.pl\/wp-content\/uploads\/2025\/07\/FE_POIR_poziom_pl-1_rgb-768x106.png 768w, https:\/\/pwborowczyk.pl\/wp-content\/uploads\/2025\/07\/FE_POIR_poziom_pl-1_rgb-1536x211.png 1536w, https:\/\/pwborowczyk.pl\/wp-content\/uploads\/2025\/07\/FE_POIR_poziom_pl-1_rgb-2048x282.png 2048w\" sizes=\"auto, (max-width: 1024px) 100vw, 1024px\" \/><\/figure>\n","protected":false},"excerpt":{"rendered":"<p>Jeste\u015bmy prywatnym przedsi\u0119biorstwem dzia\u0142aj\u0105cym na polskim rynku nieprzerwanie od 1996 roku. Dysponujemy zapleczem technicznym, kt\u00f3rego obiekty, maszyny, urz\u0105dzenia oraz pojazdy stanowi\u0105 nasz\u0105 wy\u0142\u0105czn\u0105 w\u0142asno\u015b\u0107. Pocz\u0105tkowo \u015bwiadczyli\u015bmy us\u0142ugi transportowe w zakresie przewozu os\u00f3b i towar\u00f3w. Wychodz\u0105c na przeciw rosn\u0105cym potrzebom rynku rozszerzyli\u015bmy zakres dzia\u0142alno\u015bci o prace wykonawcze w sektorze budowlanym, obr\u00f3t paliwami p\u0142ynnymi a tak\u017ce przetwarzanie [&hellip;]<\/p>\n","protected":false},"author":1,"featured_media":0,"parent":0,"menu_order":0,"comment_status":"closed","ping_status":"open","template":"","meta":{"footnotes":""},"class_list":["post-2","page","type-page","status-publish","hentry"],"_links":{"self":[{"href":"https:\/\/pwborowczyk.pl\/index.php?rest_route=\/wp\/v2\/pages\/2","targetHints":{"allow":["GET"]}}],"collection":[{"href":"https:\/\/pwborowczyk.pl\/index.php?rest_route=\/wp\/v2\/pages"}],"about":[{"href":"https:\/\/pwborowczyk.pl\/index.php?rest_route=\/wp\/v2\/types\/page"}],"author":[{"embeddable":true,"href":"https:\/\/pwborowczyk.pl\/index.php?rest_route=\/wp\/v2\/users\/1"}],"replies":[{"embeddable":true,"href":"https:\/\/pwborowczyk.pl\/index.php?rest_route=%2Fwp%2Fv2%2Fcomments&post=2"}],"version-history":[{"count":11,"href":"https:\/\/pwborowczyk.pl\/index.php?rest_route=\/wp\/v2\/pages\/2\/revisions"}],"predecessor-version":[{"id":62,"href":"https:\/\/pwborowczyk.pl\/index.php?rest_route=\/wp\/v2\/pages\/2\/revisions\/62"}],"wp:attachment":[{"href":"https:\/\/pwborowczyk.pl\/index.php?rest_route=%2Fwp%2Fv2%2Fmedia&parent=2"}],"curies":[{"name":"wp","href":"https:\/\/api.w.org\/{rel}","templated":true}]}}