{"id":70,"date":"2025-07-10T13:08:29","date_gmt":"2025-07-10T11:08:29","guid":{"rendered":"https:\/\/pwborowczyk.pl\/?page_id=70"},"modified":"2025-07-10T13:51:46","modified_gmt":"2025-07-10T11:51:46","slug":"przetwarzanie-odpadow","status":"publish","type":"page","link":"https:\/\/pwborowczyk.pl\/?page_id=70","title":{"rendered":""},"content":{"rendered":"\n<blockquote class=\"wp-block-quote is-style-plain is-layout-flow wp-block-quote-is-layout-flow\"><\/blockquote>\n\n\n\n<h3 class=\"wp-block-heading has-pale-cyan-blue-background-color has-background\">Zajmujemy si\u0119 produkcj\u0105 wysokiej jako\u015bci regranulatu powsta\u0142ego z odpad\u00f3w z tworzyw sztucznych.<\/h3>\n\n\n\n<p class=\"has-white-background-color has-background\"><strong>Profesjonalne przetwarzanie odpad\u00f3w i produkcja regranulatu LDPE \u2013 dzia\u0142amy od 2014 roku<\/strong><br><br>Nasza firma od 2014 roku specjalizuje si\u0119 w profesjonalnym przetwarzaniu odpad\u00f3w z tworzyw sztucznych. G\u0142\u00f3wnym obszarem naszej dzia\u0142alno\u015bci jest produkcja wysokiej jako\u015bci <strong>regranulatu LDPE<\/strong>, wykorzystywanego przez naszych partner\u00f3w m.in. do produkcji work\u00f3w na \u015bmieci, folii czy innych wyrob\u00f3w z tworzyw sztucznych. Dzi\u0119ki nowoczesnym technologiom oraz do\u015bwiadczeniu zapewniamy wysokie standardy jako\u015bci i zgodno\u015b\u0107 z obowi\u0105zuj\u0105cymi przepisami o ochronie \u015brodowiska.<br><br><strong>Kompleksowe us\u0142ugi w zakresie gospodarki odpadami:<\/strong><\/p>\n\n\n\n<ul class=\"wp-block-list has-white-background-color has-background\">\n<li><strong>Transport, zbieranie i przetwarzanie odpad\u00f3w<\/strong> tworzyw sztucznych zgodnie z obowi\u0105zuj\u0105cymi przepisami (posiadamy wszystkie wymagane decyzje i zezwolenia),<\/li>\n\n\n\n<li><strong>W\u0142asny transport<\/strong> w przypadku wi\u0119kszych ilo\u015bci surowca \u2013 zapewniamy odbi\u00f3r bezpo\u015brednio od klienta,<\/li>\n\n\n\n<li><strong>Wystawianie dokument\u00f3w potwierdzaj\u0105cych odzysk i recykling<\/strong>, zgodnych z przepisami prawa i wymaganiami BDO,<\/li>\n\n\n\n<li><strong>Sta\u0142a i rzetelna wsp\u00f3\u0142praca<\/strong> \u2013 gwarantujemy terminowo\u015b\u0107, elastyczno\u015b\u0107 i indywidualne podej\u015bcie do ka\u017cdego partnera.<\/li>\n<\/ul>\n\n\n\n<p class=\"has-white-background-color has-background\">Jeste\u015bmy zarejestrowani w rejestrze BDO pod numerem <strong>000011194<\/strong> \u2013 dzia\u0142amy legalnie i transparentnie, z pe\u0142nym poszanowaniem \u015brodowiska naturalnego.<br><br><strong>Szukasz sprawdzonego partnera w zakresie recyklingu i przetwarzania odpad\u00f3w tworzyw sztucznych? Skontaktuj si\u0119 z nami \u2013 postaw na do\u015bwiadczenie, jako\u015b\u0107 i niezawodno\u015b\u0107.<\/strong><br><br><em>Poszukujemy firm, do sta\u0142ej wsp\u00f3\u0142pracy. Jeste\u015bmy zainteresowani zakupem folii pou\u017cytkowych i poprodukcyjnych PE LDPE.<\/em><\/p>\n\n\n\n<div class=\"wp-block-columns are-vertically-aligned-center is-layout-flex wp-container-core-columns-is-layout-9d6595d7 wp-block-columns-is-layout-flex\">\n<div class=\"wp-block-column is-vertically-aligned-center is-layout-flow wp-block-column-is-layout-flow\"><div class=\"wp-block-image\">\n<figure class=\"aligncenter size-medium\"><img loading=\"lazy\" decoding=\"async\" width=\"225\" height=\"300\" src=\"https:\/\/pwborowczyk.pl\/wp-content\/uploads\/2025\/07\/zd.-nr-1-granulat-slomka-225x300.jpg\" alt=\"\" class=\"wp-image-89\" srcset=\"https:\/\/pwborowczyk.pl\/wp-content\/uploads\/2025\/07\/zd.-nr-1-granulat-slomka-225x300.jpg 225w, https:\/\/pwborowczyk.pl\/wp-content\/uploads\/2025\/07\/zd.-nr-1-granulat-slomka-768x1024.jpg 768w, https:\/\/pwborowczyk.pl\/wp-content\/uploads\/2025\/07\/zd.-nr-1-granulat-slomka-1152x1536.jpg 1152w, https:\/\/pwborowczyk.pl\/wp-content\/uploads\/2025\/07\/zd.-nr-1-granulat-slomka-1536x2048.jpg 1536w, https:\/\/pwborowczyk.pl\/wp-content\/uploads\/2025\/07\/zd.-nr-1-granulat-slomka-scaled.jpg 1920w\" sizes=\"auto, (max-width: 225px) 100vw, 225px\" \/><\/figure>\n<\/div><\/div>\n\n\n\n<div class=\"wp-block-column is-vertically-aligned-center is-layout-flow wp-block-column-is-layout-flow\"><div class=\"wp-block-image\">\n<figure class=\"aligncenter size-medium\"><img loading=\"lazy\" decoding=\"async\" width=\"225\" height=\"300\" src=\"https:\/\/pwborowczyk.pl\/wp-content\/uploads\/2025\/07\/zd.-nr-2-granulat-kolor-1-225x300.jpg\" alt=\"\" class=\"wp-image-90\" srcset=\"https:\/\/pwborowczyk.pl\/wp-content\/uploads\/2025\/07\/zd.-nr-2-granulat-kolor-1-225x300.jpg 225w, https:\/\/pwborowczyk.pl\/wp-content\/uploads\/2025\/07\/zd.-nr-2-granulat-kolor-1-768x1024.jpg 768w, https:\/\/pwborowczyk.pl\/wp-content\/uploads\/2025\/07\/zd.-nr-2-granulat-kolor-1-1152x1536.jpg 1152w, https:\/\/pwborowczyk.pl\/wp-content\/uploads\/2025\/07\/zd.-nr-2-granulat-kolor-1-1536x2048.jpg 1536w, https:\/\/pwborowczyk.pl\/wp-content\/uploads\/2025\/07\/zd.-nr-2-granulat-kolor-1-scaled.jpg 1920w\" sizes=\"auto, (max-width: 225px) 100vw, 225px\" \/><\/figure>\n<\/div><\/div>\n\n\n\n<div class=\"wp-block-column is-vertically-aligned-center is-layout-flow wp-block-column-is-layout-flow\"><div class=\"wp-block-image\">\n<figure class=\"aligncenter size-medium\"><img loading=\"lazy\" decoding=\"async\" width=\"225\" height=\"300\" src=\"https:\/\/pwborowczyk.pl\/wp-content\/uploads\/2025\/07\/zd.-nr-3-granulat-agrostretch-225x300.jpg\" alt=\"\" class=\"wp-image-91\" srcset=\"https:\/\/pwborowczyk.pl\/wp-content\/uploads\/2025\/07\/zd.-nr-3-granulat-agrostretch-225x300.jpg 225w, https:\/\/pwborowczyk.pl\/wp-content\/uploads\/2025\/07\/zd.-nr-3-granulat-agrostretch-768x1024.jpg 768w, https:\/\/pwborowczyk.pl\/wp-content\/uploads\/2025\/07\/zd.-nr-3-granulat-agrostretch-1152x1536.jpg 1152w, https:\/\/pwborowczyk.pl\/wp-content\/uploads\/2025\/07\/zd.-nr-3-granulat-agrostretch-1536x2048.jpg 1536w, https:\/\/pwborowczyk.pl\/wp-content\/uploads\/2025\/07\/zd.-nr-3-granulat-agrostretch-scaled.jpg 1920w\" sizes=\"auto, (max-width: 225px) 100vw, 225px\" \/><\/figure>\n<\/div><\/div>\n<\/div>\n\n\n\n<p><\/p>\n","protected":false},"excerpt":{"rendered":"<p>Zajmujemy si\u0119 produkcj\u0105 wysokiej jako\u015bci regranulatu powsta\u0142ego z odpad\u00f3w z tworzyw sztucznych. Profesjonalne przetwarzanie odpad\u00f3w i produkcja regranulatu LDPE \u2013 dzia\u0142amy od 2014 roku Nasza firma od 2014 roku specjalizuje si\u0119 w profesjonalnym przetwarzaniu odpad\u00f3w z tworzyw sztucznych. G\u0142\u00f3wnym obszarem naszej dzia\u0142alno\u015bci jest produkcja wysokiej jako\u015bci regranulatu LDPE, wykorzystywanego przez naszych partner\u00f3w m.in. do produkcji [&hellip;]<\/p>\n","protected":false},"author":1,"featured_media":0,"parent":2,"menu_order":0,"comment_status":"closed","ping_status":"closed","template":"full-width.php","meta":{"footnotes":""},"class_list":["post-70","page","type-page","status-publish","hentry"],"_links":{"self":[{"href":"https:\/\/pwborowczyk.pl\/index.php?rest_route=\/wp\/v2\/pages\/70","targetHints":{"allow":["GET"]}}],"collection":[{"href":"https:\/\/pwborowczyk.pl\/index.php?rest_route=\/wp\/v2\/pages"}],"about":[{"href":"https:\/\/pwborowczyk.pl\/index.php?rest_route=\/wp\/v2\/types\/page"}],"author":[{"embeddable":true,"href":"https:\/\/pwborowczyk.pl\/index.php?rest_route=\/wp\/v2\/users\/1"}],"replies":[{"embeddable":true,"href":"https:\/\/pwborowczyk.pl\/index.php?rest_route=%2Fwp%2Fv2%2Fcomments&post=70"}],"version-history":[{"count":23,"href":"https:\/\/pwborowczyk.pl\/index.php?rest_route=\/wp\/v2\/pages\/70\/revisions"}],"predecessor-version":[{"id":120,"href":"https:\/\/pwborowczyk.pl\/index.php?rest_route=\/wp\/v2\/pages\/70\/revisions\/120"}],"up":[{"embeddable":true,"href":"https:\/\/pwborowczyk.pl\/index.php?rest_route=\/wp\/v2\/pages\/2"}],"wp:attachment":[{"href":"https:\/\/pwborowczyk.pl\/index.php?rest_route=%2Fwp%2Fv2%2Fmedia&parent=70"}],"curies":[{"name":"wp","href":"https:\/\/api.w.org\/{rel}","templated":true}]}}